{"id":1373,"date":"2020-09-14T19:19:30","date_gmt":"2020-09-14T19:19:30","guid":{"rendered":"https:\/\/showy.com.br\/hospedagem\/?page_id=1373"},"modified":"2020-09-17T20:37:02","modified_gmt":"2020-09-17T20:37:02","slug":"anuncie-no-google","status":"publish","type":"page","link":"https:\/\/showy.com.br\/hospedagem\/anuncie-no-google\/","title":{"rendered":"Anuncie no Google"},"content":{"rendered":"<p>[vc_row][vc_column width=&#8221;1\/2&#8243;][vc_column_text css_animation=&#8221;none&#8221;]<\/p>\n<div class=\"title-h6\" style=\"text-align: left;\"><span style=\"color: #ffad00;\">Adwords<\/span><\/div>\n<p>[\/vc_column_text][vc_column_text css_animation=&#8221;none&#8221;]<\/p>\n<div class=\"title-h2\" style=\"text-align: left;\">Aumente suas vendas<br \/>\natrav\u00e9s de an\u00fancios do Google Ads<\/div>\n<p>[\/vc_column_text]<div class=\"clearboth\"><\/div><div class=\"gem-divider \" style=\"margin-top: 30px;\"><\/div>[vc_column_text css_animation=&#8221;none&#8221;]<\/p>\n<div class=\"styled-subtitle\" style=\"text-align: right;\">\n<p style=\"text-align: left;\"><span style=\"color: #66657d;\">\u00c9 no Google que as pessoas pesquisam o que fazer, aonde ir e o que comprar. Seu an\u00fancio pode ser exibido no momento exato em que uma pessoa estiver pesquisando produtos e servi\u00e7os como os seus.<\/span><\/p>\n<p style=\"text-align: left;\">Seja no computador ou no dispositivo m\u00f3vel, um an\u00fancio exibido no momento certo pode transformar as pessoas em clientes valiosos.<\/p>\n<\/div>\n<p>[\/vc_column_text]<div class=\"clearboth\"><\/div><div class=\"gem-divider \" style=\"margin-top: 30px;\"><\/div>[\/vc_column][vc_column width=&#8221;1\/2&#8243; css=&#8221;.vc_custom_1600126250303{margin-left: 0px !important;}&#8221;][vc_empty_space height=&#8221;52px&#8221;][vc_empty_space height=&#8221;52px&#8221;]<div class=\"gem-image gem-wrapbox gem-wrapbox-style-default gem-wrapbox-position-right lazy-loading\" style=\"\"><div class=\"gem-wrapbox-inner  lazy-loading-item\"  data-ll-effect=\"move-up\"><img decoding=\"async\" class=\"gem-wrapbox-element img-responsive\" src=\"https:\/\/showy.com.br\/hospedagem\/wp-content\/uploads\/2020\/09\/ads.png\" alt=\"\"\/><\/div><\/div>[\/vc_column][\/vc_row][vc_row full_width=&#8221;stretch_row&#8221; css=&#8221;.vc_custom_1600113824662{margin-top: 0px !important;margin-bottom: 0px !important;padding-top: 0px !important;padding-bottom: 0px !important;background-image: url(https:\/\/showy.com.br\/hospedagem\/wp-content\/uploads\/2019\/11\/1.png?id=1022) !important;background-position: center !important;background-repeat: no-repeat !important;background-size: cover !important;}&#8221;][vc_column disable_custom_paddings_tablet=&#8221;true&#8221; disable_custom_paddings_mobile=&#8221;true&#8221; css=&#8221;.vc_custom_1569420296873{margin-right: 0px !important;margin-left: 0px !important;padding-right: 0px !important;padding-left: 0px !important;}&#8221;][vc_empty_space][vc_column_text css_animation=&#8221;bottom-to-top&#8221;]<\/p>\n<div class=\"title-h2\" style=\"text-align: center;\">\n<p>Alcance resultados<\/p><\/div>\n<p>[\/vc_column_text]<div class=\"quickfinder quickfinder-style-classic row inline-row quickfinder-icon-position-top quickfinder-alignment-center quickfinder-title-bold\"><div id=\"post-155\" data-ll-finish-delay=\"200\" class=\"quickfinder-item inline-column col-md-4 col-sm-6 col-xs-12 quickfinder-item-effect-simple icon-size-medium quickfinder-box-style-solid lazy-loading post-155 thegem_qf_item type-thegem_qf_item status-publish\"> <div class=\"quickfinder-item-box\" style=\"\"> <div class=\"quickfinder-item-inner\"> <div class=\"quickfinder-item-image\"> <div class=\"quickfinder-item-image-content lazy-loading-item\" data-ll-item-delay=\"0\" data-ll-effect=\"clip\"> <div class=\"quickfinder-item-image-wrapper\"> <div class=\"gem-icon gem-icon-pack-material gem-icon-size-medium gem-icon-shape-circle gem-simple-icon\" style=\"opacity: 1;\"><div class=\"gem-icon-inner\" style=\"\"><span class=\"gem-icon-half-1\" style=\"color: #f7be68;\"><span class=\"back-angle\">&#xf54e;<\/span><\/span><span class=\"gem-icon-half-2\" style=\"color: #f7be68;\"><span class=\"back-angle\">&#xf54e;<\/span><\/span><\/div><\/div> <\/div> <\/div> <\/div> <div class=\"quickfinder-item-info-wrapper\"> <div class=\"quickfinder-item-info lazy-loading-item\" data-ll-item-delay=\"200\" data-ll-effect=\"fading\"> <div class=\"quickfinder-item-title\" style=\"color: #151349;\">Anuncie local ou globalmente<\/div> <div class=\"quickfinder-item-text\" style=\"color: #151349;\">Segmente seus an\u00fancios para clientes em determinados pa\u00edses, cidades, bairros ou a apenas algumas quadras de sua empresa ou loja.<\/div> <\/div> <\/div> <\/div> <\/div> <\/div> <div id=\"post-156\" data-ll-finish-delay=\"200\" class=\"quickfinder-item inline-column col-md-4 col-sm-6 col-xs-12 quickfinder-item-effect-simple icon-size-medium quickfinder-box-style-solid lazy-loading post-156 thegem_qf_item type-thegem_qf_item status-publish\"> <div class=\"quickfinder-item-box\" style=\"\"> <div class=\"quickfinder-item-inner\"> <div class=\"quickfinder-item-image\"> <div class=\"quickfinder-item-image-content lazy-loading-item\" data-ll-item-delay=\"0\" data-ll-effect=\"clip\"> <div class=\"quickfinder-item-image-wrapper\"> <div class=\"gem-icon gem-icon-pack-material gem-icon-size-medium gem-icon-shape-circle gem-simple-icon\" style=\"opacity: 1;\"><div class=\"gem-icon-inner\" style=\"\"><span class=\"gem-icon-half-1\" style=\"color: #9292f7;\"><span class=\"back-angle\">&#xf1f9;<\/span><\/span><span class=\"gem-icon-half-2\" style=\"color: #9292f7;\"><span class=\"back-angle\">&#xf1f9;<\/span><\/span><\/div><\/div> <\/div> <\/div> <\/div> <div class=\"quickfinder-item-info-wrapper\"> <div class=\"quickfinder-item-info lazy-loading-item\" data-ll-item-delay=\"200\" data-ll-effect=\"fading\"> <div class=\"quickfinder-item-title\" style=\"color: #151349;\">AUMENTE O N\u00daMERO DE VISITAS AO SITE<\/div> <div class=\"quickfinder-item-text\" style=\"color: #151349;\">Fa\u00e7a com que sua empresa seja encontrada no Google quando potenciais clientes estiverem pesquisando sobre o que voc\u00ea oferece.<\/div> <\/div> <\/div> <\/div> <\/div> <\/div> <div id=\"post-157\" data-ll-finish-delay=\"200\" class=\"quickfinder-item inline-column col-md-4 col-sm-6 col-xs-12 quickfinder-item-effect-simple icon-size-medium quickfinder-box-style-solid lazy-loading post-157 thegem_qf_item type-thegem_qf_item status-publish\"> <div class=\"quickfinder-item-box\" style=\"\"> <div class=\"quickfinder-item-inner\"> <div class=\"quickfinder-item-image\"> <div class=\"quickfinder-item-image-content lazy-loading-item\" data-ll-item-delay=\"0\" data-ll-effect=\"clip\"> <div class=\"quickfinder-item-image-wrapper\"> <div class=\"gem-icon gem-icon-pack-material gem-icon-size-medium gem-icon-shape-circle gem-simple-icon\" style=\"opacity: 1;\"><div class=\"gem-icon-inner\" style=\"\"><span class=\"gem-icon-half-1\" style=\"color: #f6ad42;\"><span class=\"back-angle\">&#xf549;<\/span><\/span><span class=\"gem-icon-half-2\" style=\"color: #f6ad42;\"><span class=\"back-angle\">&#xf549;<\/span><\/span><\/div><\/div> <\/div> <\/div> <\/div> <div class=\"quickfinder-item-info-wrapper\"> <div class=\"quickfinder-item-info lazy-loading-item\" data-ll-item-delay=\"200\" data-ll-effect=\"fading\"> <div class=\"quickfinder-item-title\" style=\"color: #151349;\">RECEBA MAIS CHAMADAS TELEFONICAS<\/div> <div class=\"quickfinder-item-text\" style=\"color: #151349;\">Aumente as possibilidades de receber chamadas de clientes com an\u00fancios que incluem seu n\u00famero e um bot\u00e3o \"Clique para ligar\".<\/div> <\/div> <\/div> <\/div> <\/div> <\/div> <\/div>[vc_empty_space height=&#8221;65px&#8221;][\/vc_column][\/vc_row][vc_row full_width=&#8221;stretch_row_content&#8221; equal_height=&#8221;yes&#8221; content_placement=&#8221;middle&#8221; css=&#8221;.vc_custom_1569418939309{margin-top: 0px !important;margin-bottom: 0px !important;padding-top: 0px !important;padding-bottom: 0px !important;}&#8221;][vc_column offset=&#8221;vc_col-lg-6 vc_col-md-6&#8243;]<div class=\"centered-box gem-image-centered-box\"><div class=\"gem-image gem-wrapbox gem-wrapbox-style-default gem-wrapbox-position-centered lazy-loading\" style=\"\"><div class=\"gem-wrapbox-inner  lazy-loading-item\"  data-ll-effect=\"move-up\"><img decoding=\"async\" class=\"gem-wrapbox-element img-responsive\" src=\"https:\/\/showy.com.br\/hospedagem\/wp-content\/uploads\/2019\/09\/11.png\" alt=\"\"\/><\/div><\/div><\/div>[\/vc_column][vc_column offset=&#8221;vc_col-lg-6 vc_col-md-6&#8243;][vc_row_inner el_class=&#8221;laptop-break&#8221;][vc_column_inner offset=&#8221;vc_col-lg-8 vc_col-md-12&#8243;][vc_empty_space][vc_column_text css_animation=&#8221;bottom-to-top&#8221;]<\/p>\n<div class=\"title-h2\" style=\"text-align: center;\">\n<p style=\"text-align: left;\">Atraia mais clientes<\/p>\n<\/div>\n<p>[\/vc_column_text][vc_column_text css_animation=&#8221;bottom-to-top&#8221;]<\/p>\n<div class=\"styled-subtitle\" style=\"text-align: left;\"><span style=\"color: #66657d;\">Com nossos an\u00fancios inteligentes e pr\u00e1ticos, voc\u00ea pode alcan\u00e7ar mais clientes relevantes com seu or\u00e7amento. Al\u00e9m disso, ajudamos voc\u00ea a melhorar os an\u00fancios para alcan\u00e7ar resultados importantes para sua empresa.<\/span><\/div>\n<p>[\/vc_column_text]<div class=\"clearboth\"><\/div><div class=\"gem-divider \" style=\"margin-top: 50px;\"><\/div>[\/vc_column_inner][vc_column_inner width=&#8221;1\/3&#8243; offset=&#8221;vc_hidden-md vc_hidden-sm vc_hidden-xs&#8221;][\/vc_column_inner][\/vc_row_inner][\/vc_column][\/vc_row][vc_row css=&#8221;.vc_custom_1600116932564{background-color: #e9ebfa !important;border-radius: 20px !important;}&#8221;][vc_column width=&#8221;2\/3&#8243;][vc_empty_space][vc_column_text]<\/p>\n<h2 class=\"elementor-heading-title elementor-size-default\" style=\"text-align: center;\">Fa\u00e7a uma consultoria GRATUITA do seu neg\u00f3cio!<\/h2>\n<p>[\/vc_column_text][vc_empty_space][\/vc_column][vc_column width=&#8221;1\/3&#8243;][vc_empty_space]<div class=\"gem-button-container gem-button-position-center lazy-loading\"><a title=\"Contato\" class=\"gem-button gem-button-size-small gem-button-style-flat gem-button-text-weight-normal gem-button-icon-position-left lazy-loading-item\"data-ll-effect=\"drop-right-without-wrap\" style=\"border-radius: 3px;\" onmouseleave=\"\" onmouseenter=\"\" href=\"https:\/\/showy.com.br\/hospedagem\/contato\/\" target=\"_self\"><i class=\"gem-print-icon gem-icon-pack-elegant\">&#xe066;<\/i>Fale conosco<\/a><\/div> [vc_empty_space][\/vc_column][\/vc_row][vc_row][vc_column][vc_empty_space][vc_column_text css_animation=&#8221;bottom-to-top&#8221;]<\/p>\n<div class=\"title-h2\" style=\"text-align: center;\">\n<p>Nossa equipe far\u00e1 toda gest\u00e3o dos seus an\u00fancios<\/p><\/div>\n<p>[\/vc_column_text][vc_empty_space][vc_row_inner][vc_column_inner width=&#8221;1\/4&#8243;]<div class=\"centered-box gem-image-centered-box\"><div class=\"gem-image gem-wrapbox gem-wrapbox-style-default gem-wrapbox-position-centered\" style=\"width: 120px;\"><div class=\"gem-wrapbox-inner \" ><img decoding=\"async\" class=\"gem-wrapbox-element img-responsive\" src=\"https:\/\/showy.com.br\/hospedagem\/wp-content\/uploads\/2020\/09\/estrategia.png\" alt=\"\"\/><\/div><\/div><\/div>[vc_column_text]<\/p>\n<p class=\"elementor-heading-title elementor-size-default\" style=\"text-align: center;\">Criamos a sua campanha de acordo com o seu objetivo.<\/p>\n<p>[\/vc_column_text][\/vc_column_inner][vc_column_inner width=&#8221;1\/4&#8243;]<div class=\"centered-box gem-image-centered-box\"><div class=\"gem-image gem-wrapbox gem-wrapbox-style-default gem-wrapbox-position-centered\" style=\"width: 120px;\"><div class=\"gem-wrapbox-inner \" ><img decoding=\"async\" class=\"gem-wrapbox-element img-responsive\" src=\"https:\/\/showy.com.br\/hospedagem\/wp-content\/uploads\/2020\/09\/resultados.png\" alt=\"\"\/><\/div><\/div><\/div>[vc_column_text]<\/p>\n<p style=\"text-align: center;\">Monitoramos o andamento e resultados dos seus an\u00fancios.<\/p>\n<p>[\/vc_column_text][\/vc_column_inner][vc_column_inner width=&#8221;1\/4&#8243;]<div class=\"centered-box gem-image-centered-box\"><div class=\"gem-image gem-wrapbox gem-wrapbox-style-default gem-wrapbox-position-centered\" style=\"width: 120px;\"><div class=\"gem-wrapbox-inner \" ><img decoding=\"async\" class=\"gem-wrapbox-element img-responsive\" src=\"https:\/\/showy.com.br\/hospedagem\/wp-content\/uploads\/2020\/09\/network-co\u0301pia.png\" alt=\"\"\/><\/div><\/div><\/div>[vc_column_text]Otimizamos a performance da sua campanha para gerar mais cliques.[\/vc_column_text][\/vc_column_inner][vc_column_inner width=&#8221;1\/4&#8243;]<div class=\"centered-box gem-image-centered-box\"><div class=\"gem-image gem-wrapbox gem-wrapbox-style-default gem-wrapbox-position-centered\" style=\"width: 100px;\"><div class=\"gem-wrapbox-inner \" ><img decoding=\"async\" class=\"gem-wrapbox-element img-responsive\" src=\"https:\/\/showy.com.br\/hospedagem\/wp-content\/uploads\/2020\/09\/budgeting-co\u0301pia.png\" alt=\"\"\/><\/div><\/div><\/div>[vc_column_text]Controle do seu or\u00e7amento di\u00e1rio para\u00a0 100% de aproveitamento.[\/vc_column_text][\/vc_column_inner][\/vc_row_inner][\/vc_column][\/vc_row][vc_row full_width=&#8221;stretch_row&#8221; css=&#8221;.vc_custom_1569415113260{margin-top: 0px !important;margin-bottom: 0px !important;padding-top: 0px !important;padding-bottom: 0px !important;background-position: 0 0 !important;background-repeat: no-repeat !important;}&#8221; el_class=&#8221;small-index&#8221;][vc_column css=&#8221;.vc_custom_1569415076456{margin-top: 0px !important;margin-bottom: 0px !important;padding-top: 0px !important;padding-bottom: 0px !important;}&#8221;][vc_empty_space height=&#8221;82px&#8221;][vc_column_text css_animation=&#8221;none&#8221;]<\/p>\n<div class=\"title-h6\" style=\"text-align: center;\"><span style=\"color: #ffad00;\">D\u00favidas frequentes<\/span><\/div>\n<p>[\/vc_column_text][vc_column_text css_animation=&#8221;bottom-to-top&#8221;]<\/p>\n<div class=\"title-h2\" style=\"text-align: center;\">\n<p>Encontre respostas para as d\u00favidas mais comuns dos nossos clientes<\/p><\/div>\n<p>[\/vc_column_text]<div id=\"fullwidth-block-69f22f8bd1cb8\" class=\"fullwidth-block clearfix\"  style=\"background-color: #ffffff;padding-top: 120px;padding-bottom: 50px;\"><script type=\"text\/javascript\">if (typeof(gem_fix_fullwidth_position) == \"function\") { gem_fix_fullwidth_position(document.getElementById(\"fullwidth-block-69f22f8bd1cb8\")); }<\/script><div class=\"fullwidth-block-background\" style=\"background-image: url(https:\/\/showy.com.br\/hospedagem\/wp-content\/uploads\/2019\/09\/back.png);background-repeat: no-repeat;background-position: left top;\"><\/div><div class=\"fullwidth-block-inner\"><div class=\"container\">[vc_tta_accordion style=&#8221;simple_dashed&#8221; active_section=&#8221;1&#8243;][vc_tta_section title=&#8221;Por que fazer uma campanha com a Showy?&#8221; tab_id=&#8221;1600118370660-ac8094a3-ce6f&#8221;][vc_column_text]Mesmo que voc\u00ea tenha conhecimentos b\u00e1sicos para criar campanhas no Google, o AdWords \u00e9 uma ferramenta com muitas nuances que podem fazer a diferen\u00e7a na qualidade e performance da campanha. A equipe da Showy \u00e9 certificada pelo Google e passa por constantes treinamentos e atualiza\u00e7\u00f5es. Ela sabe como explorar todos os recursos oferecidos pela ferramenta, criando campanhas completas, como an\u00fancios para visualiza\u00e7\u00e3o em celular, por exemplo. Al\u00e9m disso, ela sabe tornar seu investimento melhor aproveitado. Ao deixar sua campanha nas m\u00e3os da Showy, voc\u00ea ter\u00e1 muito mais tempo para se dedicar ao seu neg\u00f3cio.[\/vc_column_text][\/vc_tta_section][vc_tta_section title=&#8221;Quais os planos que a Showy possui?&#8221; tab_id=&#8221;1600118625143-60a7842b-3e51&#8243;][vc_column_text]Todos os nossos planos de Google Ads s\u00e3o mensais; j\u00e1 que sua campanha \u00e9 planejada e otimizada constantemente para alcan\u00e7ar melhores resultados. Lembre-se: quanto mais tempo sua campanha ficar no ar, maiores ser\u00e3o as chances de ser vista por mais pessoas.[\/vc_column_text][\/vc_tta_section][vc_tta_section title=&#8221;Por que o valor do plano n\u00e3o \u00e9 investido integralmente no Google&#8221; tab_id=&#8221;1600118612860-133abfb5-64fa&#8221;][vc_column_text]Os planos de Google Ads possuem uma taxa de administra\u00e7\u00e3o, que variam de acordo com o valor investido. A maior parte do valor do plano \u00e9 investida na cria\u00e7\u00e3o de suas campanhas, para que alcancemos bons resultados com seu neg\u00f3cio. A menor parte \u00e9 destinada aos custos de administra\u00e7\u00e3o da campanha, que \u00e9 feita por uma equipe altamente qualificada e especialista em marketing digital.[\/vc_column_text][\/vc_tta_section][vc_tta_section title=&#8221;Quantos cliques posso ter com meu investimento em Google Ads&#8221; tab_id=&#8221;1600118618307-686da091-eaf1&#8243;][vc_column_text]O CPC (Custo por clique) \u00e9 vari\u00e1vel; portanto, o n\u00famero de cliques que voc\u00ea pode receber em sua campanha \u00e9 oscilante.[\/vc_column_text][\/vc_tta_section][vc_tta_section title=&#8221;O que \u00e9 CPC?&#8221; tab_id=&#8221;1600118619320-28a45e5e-4223&#8243;][vc_column_text]CPC \u00e9 a sigla para \u201cCusto Por Clique\u201d. Para cada palavra-chave, o anunciante determina o valor m\u00e1ximo que pagaria caso o an\u00fancio exibido a partir daquela palavra-chave fosse clicado. Se o sistema do AdWords mostra que a palavra-chave \u201ccarros\u201d vale R$ 0,50, significa que se o an\u00fancio for clicado o anunciante pode pagar at\u00e9 R$ 0,50. Como o sistema do AdWords funciona como um leil\u00e3o, o valor pago pode ser igual ou inferior a R$0,50. Se todos os anunciantes quiserem investir na mesma palavra-chave, o valor do custo por clique pode subir e ficar acima do que o anunciante estaria disposto a pagar. Dessa forma, o an\u00fancio n\u00e3o seria exibido. Outro fator que determina se o an\u00fancio pode ou n\u00e3o aparecer \u00e9 o \u00edndice de qualidade.[\/vc_column_text][\/vc_tta_section][\/vc_tta_accordion]<\/div><\/div><\/div>[\/vc_column][\/vc_row]<\/p>\n","protected":false},"excerpt":{"rendered":"<p>[vc_row][vc_column width=&#8221;1\/2&#8243;][vc_column_text css_animation=&#8221;none&#8221;] Adwords [\/vc_column_text][vc_column_text css_animation=&#8221;none&#8221;] Aumente suas vendas atrav\u00e9s de an\u00fancios do Google Ads [\/vc_column_text][vc_column_text css_animation=&#8221;none&#8221;] \u00c9 no Google&#8230;<\/p>\n","protected":false},"author":1,"featured_media":0,"parent":0,"menu_order":0,"comment_status":"closed","ping_status":"closed","template":"","meta":{"footnotes":""},"class_list":["post-1373","page","type-page","status-publish"],"_links":{"self":[{"href":"https:\/\/showy.com.br\/hospedagem\/wp-json\/wp\/v2\/pages\/1373","targetHints":{"allow":["GET"]}}],"collection":[{"href":"https:\/\/showy.com.br\/hospedagem\/wp-json\/wp\/v2\/pages"}],"about":[{"href":"https:\/\/showy.com.br\/hospedagem\/wp-json\/wp\/v2\/types\/page"}],"author":[{"embeddable":true,"href":"https:\/\/showy.com.br\/hospedagem\/wp-json\/wp\/v2\/users\/1"}],"replies":[{"embeddable":true,"href":"https:\/\/showy.com.br\/hospedagem\/wp-json\/wp\/v2\/comments?post=1373"}],"version-history":[{"count":16,"href":"https:\/\/showy.com.br\/hospedagem\/wp-json\/wp\/v2\/pages\/1373\/revisions"}],"predecessor-version":[{"id":1458,"href":"https:\/\/showy.com.br\/hospedagem\/wp-json\/wp\/v2\/pages\/1373\/revisions\/1458"}],"wp:attachment":[{"href":"https:\/\/showy.com.br\/hospedagem\/wp-json\/wp\/v2\/media?parent=1373"}],"curies":[{"name":"wp","href":"https:\/\/api.w.org\/{rel}","templated":true}]}}