{"id":3,"date":"2020-06-30T23:29:19","date_gmt":"2020-06-30T23:29:19","guid":{"rendered":"https:\/\/showy.com.br\/hospedagem\/?page_id=3"},"modified":"2020-10-03T04:24:25","modified_gmt":"2020-10-03T04:24:25","slug":"politicas-de-uso","status":"publish","type":"page","link":"https:\/\/showy.com.br\/hospedagem\/politicas-de-uso\/","title":{"rendered":"Pol\u00edticas de Uso"},"content":{"rendered":"<p>[vc_row][vc_column][vc_column_text]<\/p>\n<p align=\"justify\"><span style=\"vertical-align: inherit;\"><span style=\"vertical-align: inherit;\">Por favor, esteja certo que atenda essas pol\u00edticas de uso antes de contratar os nossos servi\u00e7os.<\/span><\/span><\/p>\n<p><span style=\"vertical-align: inherit;\"><span style=\"vertical-align: inherit;\">Como nosso cliente, voc\u00ea ter\u00e1 certas responsabilidades legais e \u00e9ticas quanto ao uso de seu servidor e equipamentos envolvidos nestes servi\u00e7os.<\/span><\/span><\/p>\n<p><span style=\"vertical-align: inherit;\"><span style=\"vertical-align: inherit;\">A Showy se reserva ao direito de suspender ou cancelar o acesso ou a conta de um cliente a qualquer tempo quando n\u00f3s decidirmos que a conta foi utilizada de maneira inapropriada:\u2014<\/span><\/span><\/p>\n<p><strong><span style=\"vertical-align: inherit;\"><span style=\"vertical-align: inherit;\">Abuso de SMTP:<\/span><\/span><\/strong><span style=\"vertical-align: inherit;\"><span style=\"vertical-align: inherit;\"> N\u00f3s n\u00e3o permitimos a nossos clientes enviar mais de 300 e-mails por hora, nunca ultrapassando o limite de 7200 e-mails por dia, mesmo que sejam e-mails leg\u00edtimos e solicitados, como por exemplo newsletters.<\/span><\/span><br \/>\n<span style=\"vertical-align: inherit;\"><span style=\"vertical-align: inherit;\">Se voc\u00ea enviar mais de 7200 e-mails por dia, sua conta ser\u00e1 suspensa temporariamente por ate 24 horas por abuso. A reincid\u00eancia de uso n\u00e3o autorizados por 3 vezes consecutivas tera seu dom\u00ednio cancelado conosco e convidado a migrar seu dom\u00ednio para outra empresa de hospedagem.<\/span><\/span><\/p>\n<p><span style=\"vertical-align: inherit;\"><span style=\"vertical-align: inherit;\">Se precisa enviar e-mails leg\u00edtimos e eles somam mais que 7200 e-mails por dia, entre em <\/span><\/span><a href=\"http:\/\/www.showy.com.br\/home\/contato.html\"><span style=\"vertical-align: inherit;\"><span style=\"vertical-align: inherit;\">contato<\/span><\/span><\/a><span style=\"vertical-align: inherit;\"><span style=\"vertical-align: inherit;\"> com o nosso departamento de vendas informando o n\u00famero de e-mails que precisa enviar, sua conta poder\u00e1 ser movida para um servidor especifico para envios de emails em massa pre autorizados.<\/span><\/span><\/p>\n<p><strong><span style=\"vertical-align: inherit;\"><span style=\"vertical-align: inherit;\">Nudez ou material pornogr\u00e1fico:<\/span><\/span><\/strong><span style=\"vertical-align: inherit;\"><span style=\"vertical-align: inherit;\">\u00a0Material exibindo nudez obscena de menores de 18 anos ou material pornogr\u00e1fico de qualquer natureza ou n\u00e3o autorizado, inclusive links para tal conte\u00fado.<\/span><\/span><\/p>\n<p><strong><span style=\"vertical-align: inherit;\"><span style=\"vertical-align: inherit;\">ABUSO DE MEMORIA, CPU E APACHE:<\/span><\/span><\/strong><span style=\"vertical-align: inherit;\"><span style=\"vertical-align: inherit;\">\u00a0A Showy se reserva o direito de suspender qualquer dom\u00ednio ou processo que seja caracterizado abuso ao servidor. Entenda abuso sendo requisi\u00e7\u00f5es, scripts ou processos que causem problemas t\u00e9cnicos ao servidor, como travamento e esgotamento de recursos de Mem\u00f3ria, CPU e requisi\u00e7\u00f5es de acesso muito acima da normalidade. A mesma reserva de direito vale para os chamados PLANOS ILIMITADOS, que contemplam espa\u00e7o e taxa de transfer\u00eancia (banda).<\/span><\/span><\/p>\n<p><strong><span style=\"vertical-align: inherit;\"><span style=\"vertical-align: inherit;\">ILIMITADOS DOM\u00edNIOS:<\/span><\/span><\/strong><span style=\"vertical-align: inherit;\"><span style=\"vertical-align: inherit;\">\u00a0A Showy tamb\u00e9m se reserva o direito de comunicar e convidar clientes a migrarem seus conte\u00fados para outro provedor ou servidor dedicado que se utilizem da cria\u00e7\u00e3o de dom\u00ednios que superem a capacidade de um servidor compartilhado. Esses clientes, mencionados no site como Revendas, ser\u00e3o comunicados com anteced\u00eancia evitando assim transtornos aos mesmos.<\/span><\/span><\/p>\n<p><span style=\"vertical-align: inherit;\"><span style=\"vertical-align: inherit;\">O Login e a Senha das contas hospedadas em nossos servidores somente s\u00e3o fornecidos atrav\u00e9s de ticket de atendimento, e se o acesso foi realizado pelo login que possui o e-mail correspondente ao pedido. Sob nenhuma hip\u00f3tese dados de login e senha, ou demais dados de cadastro, ser\u00e3o fornecidos por nossa Equipe pelo telefone ou chat. Por isso, mantenha seu cadastro conosco sempre atualizado, para evitar qualquer tipo de transtorno.<\/span><\/span><\/p>\n<p><strong><span style=\"vertical-align: inherit;\"><span style=\"vertical-align: inherit;\">ARMAZENAMENTO DE E-MAILS: Total Flex\u00a0<\/span><\/span><\/strong><br \/>\n<span style=\"vertical-align: inherit;\"><span style=\"vertical-align: inherit;\">A Showy se reserva o direito de notificar qualquer cliente hospedado em seus servidores compartilhados ( planos Revenda e Individuais ) que possuem mensagens de E-mails com anexos superior a 2 megabytes ( 2MB ) em suas contas, armazenadas a mais de 90 dias ( 3 meses ), a remover no prazo de at\u00e9 48 horas as mesmas visando assim otimizar o espa\u00e7o em disco e manter a estabilidade dos servi\u00e7os de emails. O recomend\u00e1vel para o cliente \u00e9 utilizar o servi\u00e7os de E-mail configurado como &#8220;POP3&#8221; no Outlook ou outro gerenciador em sua m\u00e1quina, salvando as mensagens localmente e evitando o uso do servidor como disco-virtual destas mensagens.\u00a0 Motivo pelo qual oferecemos um servi\u00e7o Total Flex ( Armazenamento flex\u00edvel sem limita\u00e7\u00e3o com\u00a0 politica de uso moderado aos anexos. )\u00a0<\/span><\/span><\/p>\n<p><strong><span style=\"vertical-align: inherit;\"><span style=\"vertical-align: inherit;\">E-MAIL N\u00c3O SOLICITADO (SPAM):<\/span><\/span><\/strong><br \/>\n<span style=\"vertical-align: inherit;\"><span style=\"vertical-align: inherit;\">N\u00e3o s\u00e3o permitidos an\u00fancios comerciais n\u00e3o solicitados em e-mail, isto resultar\u00e1 em suspens\u00e3o ou cancelamento da conta. NOSSOS SERVIDORES S\u00c3O MONITORADOS 24 HORAS POR DIA QUANTO A UTILIZA\u00c7\u00c3O DOS SERVIDORES SMTP. NENHUM E-MAIL N\u00c3O SOLICITADO SER\u00c1 ENVIADO DE NOSSOS SERVIDORES SEM QUE O RESPONS\u00c1VEL SEJA RAPIDAMENTE PUNIDO.<\/span><\/span><br \/>\n<span style=\"vertical-align: inherit;\"><span style=\"vertical-align: inherit;\">Para entender bem a nossa pol\u00edtica, caracterizamos como SPAM &#8220;Spamming&#8221; um \u00fanico e-mail n\u00e3o solicitado de propaganda que seja enviado. Voc\u00ea n\u00e3o ter\u00e1 direito a nenhum reembolso de dinheiro se sua conta for terminada por Spam. Al\u00e9m disso denunciaremos o seu dom\u00ednio como &#8220;Spamming&#8221; nos org\u00e3os ANTI-SPAM, provedores de acesso e hospedagem.<\/span><\/span><\/p>\n<p>Essa medida garante a seguran\u00e7a dos dados das contas hospedadas conosco. O cliente \u00e9 respons\u00e1vel pela seguran\u00e7a e uso de seu site. Sua senha para acesso \u00e0s suas configura\u00e7\u00f5es ser\u00e1 tratada de forma privada e confidencial e aconselhamos a n\u00e3o divid\u00ed-la com terceiros.<\/p>\n<p><strong>ESTRUTURA:<\/strong><br \/>\n\u2022 Suporte T\u00e9cnico Especializado via E-mail (helpdesk\/ticket), Atendimento On-Line (Chat\/skype) e Telefone.<br \/>\n\u2022 Servidores Cloud Linux 8 Processadores de Alta-Performance com discos SSD NVME.<br \/>\n\u2022 Backup dos arquivos, bases de dados, e-mails, etc.<br \/>\n&#8220;N\u00f3s tomamos todas as precau\u00e7\u00f5es ao m\u00e1ximo.&#8221;<br \/>\nSeus neg\u00f3cios dependem da estabilidade de nossos servi\u00e7os. N\u00f3s nunca esquecemos disto. O &#8220;Datacenter Polo 1&#8221; \u00e9 um caso de estudo em seguran\u00e7a m\u00e1xima e fortalecimento de energia. Nosso Staff t\u00e9cnico est\u00e1 em total monitoramento 24 horas por dia, 7 dias por semana para garantir tudo isso.<\/p>\n<p><strong>&#8220;REDUND\u00c2NCIA DE ENERGIAa&#8221;:<\/strong>\u00a0Todos os 18 roteadores-backbone e top-level equipamentos de rede s\u00e3o alimentados por m\u00faltiplos Alimentadores, eliminando risco de falha no fornecimento de energia.<\/p>\n<p><strong>&#8220;REDUND\u00c2NCIA &#8211; LINK (S)&#8221;:<\/strong><br \/>\nCada Link de Conex\u00e3o Gigabit Ethernet (Datacenter Polo 1 e 2 &#8211; total\u00a0 27 ) chega de dois pontos e rotas diferentes.Nossa rede conecta mais de 30.000 servidores com banda superior a 25 Gigabits de Banda Internet. E est\u00e1 crescendo ainda mais<\/p>\n<p><strong>&#8220;PE\u00c7AS, EQUIPAMENTOS E ACESS\u00d3RIOS EM M\u00c3OS&#8221;:<\/strong><br \/>\nDe cabos e racks at\u00e9 pe\u00e7as de servidores, n\u00f3s estamos prontos para substitui\u00e7\u00e3o de cada item em nosso datacenter, seja uma programa\u00e7\u00e3o preventiva, ou no caso de uma falha n\u00e3o esperada.<\/p>\n<p><span class=\"embras\">Confira voc\u00ea mesmo!<\/span><\/p>\n<p><strong><span style=\"vertical-align: inherit;\"><span style=\"vertical-align: inherit;\">GARANTIMOS O FUNCIONAMENTO DE TODOS OS RECURSOS OFERECIDOS:<\/span><\/span><\/strong><br \/>\n<span style=\"vertical-align: inherit;\"><span style=\"vertical-align: inherit;\">\u2022 Ap\u00f3s a libera\u00e7\u00e3o de sua conta, garantimos o funcionamento de todos os recursos respons\u00e1veis pelo funcionamento da conta de hospedagem oferecidos . Salvo casos de manuten\u00e7\u00f5es emergenciais e\/ou programadas open source oferecidos no cPanel.<\/span><\/span>[\/vc_column_text][\/vc_column][\/vc_row]<\/p>\n","protected":false},"excerpt":{"rendered":"<p>[vc_row][vc_column][vc_column_text] Por favor, esteja certo que atenda essas pol\u00edticas de uso antes de contratar os nossos servi\u00e7os. Como nosso cliente,&#8230;<\/p>\n","protected":false},"author":1,"featured_media":0,"parent":0,"menu_order":0,"comment_status":"closed","ping_status":"open","template":"","meta":{"footnotes":""},"class_list":["post-3","page","type-page","status-publish"],"_links":{"self":[{"href":"https:\/\/showy.com.br\/hospedagem\/wp-json\/wp\/v2\/pages\/3","targetHints":{"allow":["GET"]}}],"collection":[{"href":"https:\/\/showy.com.br\/hospedagem\/wp-json\/wp\/v2\/pages"}],"about":[{"href":"https:\/\/showy.com.br\/hospedagem\/wp-json\/wp\/v2\/types\/page"}],"author":[{"embeddable":true,"href":"https:\/\/showy.com.br\/hospedagem\/wp-json\/wp\/v2\/users\/1"}],"replies":[{"embeddable":true,"href":"https:\/\/showy.com.br\/hospedagem\/wp-json\/wp\/v2\/comments?post=3"}],"version-history":[{"count":8,"href":"https:\/\/showy.com.br\/hospedagem\/wp-json\/wp\/v2\/pages\/3\/revisions"}],"predecessor-version":[{"id":1618,"href":"https:\/\/showy.com.br\/hospedagem\/wp-json\/wp\/v2\/pages\/3\/revisions\/1618"}],"wp:attachment":[{"href":"https:\/\/showy.com.br\/hospedagem\/wp-json\/wp\/v2\/media?parent=3"}],"curies":[{"name":"wp","href":"https:\/\/api.w.org\/{rel}","templated":true}]}}