{"id":565,"date":"2019-09-27T11:14:03","date_gmt":"2019-09-27T11:14:03","guid":{"rendered":"http:\/\/democontent.codex-themes.com\/sites\/startup\/?page_id=565"},"modified":"2025-09-25T00:47:18","modified_gmt":"2025-09-25T00:47:18","slug":"contato","status":"publish","type":"page","link":"https:\/\/showy.com.br\/hospedagem\/contato\/","title":{"rendered":"Contato"},"content":{"rendered":"<p>[vc_row][vc_column css=&#8221;.vc_custom_1754309878671{background-color: #e8ecef !important;}&#8221;][vc_column_text css_animation=&#8221;none&#8221;]<\/p>\n<div class=\"title-h2\" style=\"text-align: center;\">ENTRE EM CONTATO CONOSCO<\/div>\n<p>[\/vc_column_text]<div class=\"clearboth\"><\/div><div class=\"gem-divider \" style=\"margin-top: 50px;\"><\/div>[vc_column_text css_animation=&#8221;none&#8221;]<\/p>\n<div class=\"styled-subtitle\" style=\"text-align: center;\"><span style=\"color: #66657d;\">Precisa de ajuda? Disponibilizamos alguns canais de atendimento para voc\u00ea nos contatar!<\/span><\/div>\n<p>[\/vc_column_text]<div class=\"clearboth\"><\/div><div class=\"gem-divider \" style=\"margin-top: 80px;\"><\/div>[\/vc_column][vc_column][vc_row_inner el_class=&#8221;custom-shadow&#8221;][vc_column_inner offset=&#8221;vc_col-lg-4 vc_col-md-4&#8243;]<div class=\"lazy-loading\" data-ll-item-delay=\"0\"><div class=\"gem-textbox lazy-loading-item centered-box\"  data-ll-effect=\"move-up\"><div class=\"gem-textbox-inner\" style=\"\"><div class=\"gem-textbox-content\" style=\"background-color: #ffffff;background-position: center top;padding-top: 50px;padding-bottom: 50px;padding-left: 60px;padding-right: 60px;\"><div class=\"gem-icon gem-icon-pack-fontawesome gem-icon-size-medium  gem-icon-shape-circle\" style=\"border-color: #f4f5fd;opacity: 1;\"><div class=\"gem-icon-inner\" style=\"background-color: #f4f5fd;\"><span class=\"gem-icon-half-1\" style=\"color: #ffb30a;\"><span class=\"back-angle\">&#xf145;<\/span><\/span><span class=\"gem-icon-half-2\" style=\"color: #ffb30a;\"><span class=\"back-angle\">&#xf145;<\/span><\/span><\/div><\/div><div class=\"clearboth\"><\/div><div class=\"gem-divider \" style=\"margin-top: 40px;\"><\/div>[vc_column_text]<\/p>\n<div class=\"title-h5\" style=\"text-align: center; text-transform: uppercase;\"><a href=\"https:\/\/showy.com.br\/suporte\/\">TICKET&#8217;S<\/a><\/div>\n<p>[\/vc_column_text][vc_column_text]<\/p>\n<p style=\"text-align: center;\">Solicita\u00e7\u00f5es 24\/7\u00a0 ( SLA em at\u00e9 4 horas ). Nossa equipe responder\u00e1 de acordo com que s\u00e3o recebidos.<\/p>\n<p>[\/vc_column_text]<\/div><\/div><\/div><\/div>[\/vc_column_inner][vc_column_inner offset=&#8221;vc_col-lg-4 vc_col-md-4&#8243;]<div class=\"lazy-loading\" data-ll-item-delay=\"0\"><div class=\"gem-textbox lazy-loading-item centered-box\"  data-ll-effect=\"move-up\"><div class=\"gem-textbox-inner\" style=\"\"><div class=\"gem-textbox-content\" style=\"background-color: #ffffff;background-position: center top;padding-top: 50px;padding-bottom: 50px;padding-left: 60px;padding-right: 60px;\"><div class=\"gem-icon gem-icon-pack-material gem-icon-size-medium  gem-icon-shape-circle\" style=\"border-color: #f4f5fd;opacity: 1;\"><div class=\"gem-icon-inner\" style=\"background-color: #f4f5fd;\"><span class=\"gem-icon-half-1\" style=\"color: #ffb30a;\"><span class=\"back-angle\">&#xf1f3;<\/span><\/span><span class=\"gem-icon-half-2\" style=\"color: #ffb30a;\"><span class=\"back-angle\">&#xf1f3;<\/span><\/span><\/div><\/div><div class=\"clearboth\"><\/div><div class=\"gem-divider \" style=\"margin-top: 40px;\"><\/div>[vc_column_text]<\/p>\n<div class=\"title-h5\" style=\"text-align: center; text-transform: uppercase;\"><a href=\"https:\/\/wa.me\/5511998469000\">Whatsapp<\/a><\/div>\n<p>[\/vc_column_text][vc_column_text]<\/p>\n<p style=\"text-align: center;\">Fale com um consultor<\/p>\n<p>[\/vc_column_text]<\/div><\/div><\/div><\/div>[\/vc_column_inner][vc_column_inner offset=&#8221;vc_col-lg-4 vc_col-md-4&#8243;]<div class=\"lazy-loading\" data-ll-item-delay=\"0\"><div class=\"gem-textbox lazy-loading-item centered-box\"  data-ll-effect=\"move-up\"><div class=\"gem-textbox-inner\" style=\"\"><div class=\"gem-textbox-content\" style=\"background-color: #ffffff;background-position: center top;padding-top: 50px;padding-bottom: 50px;padding-left: 60px;padding-right: 60px;\"><div class=\"gem-icon gem-icon-pack-material gem-icon-size-medium  gem-icon-shape-circle\" style=\"border-color: #f4f5fd;opacity: 1;\"><div class=\"gem-icon-inner\" style=\"background-color: #f4f5fd;\"><span class=\"gem-icon-half-1\" style=\"color: #ffb30a;\"><span class=\"back-angle\">&#xf2af;<\/span><\/span><span class=\"gem-icon-half-2\" style=\"color: #ffb30a;\"><span class=\"back-angle\">&#xf2af;<\/span><\/span><\/div><\/div><div class=\"clearboth\"><\/div><div class=\"gem-divider \" style=\"margin-top: 40px;\"><\/div>[vc_column_text]<\/p>\n<div class=\"title-h5\" style=\"text-align: center; text-transform: uppercase;\">E-MAIL<\/div>\n<p>[\/vc_column_text][vc_column_text]<\/p>\n<p style=\"text-align: center;\"><a href=\"mailto:suporte@showy.com.br\">suporte@showy.com.br<\/a><\/p>\n<p>[\/vc_column_text][vc_column_text]<\/p>\n<p style=\"text-align: center;\"><a href=\"mailto:info@showy.com.br\">info@showy.com.br<\/a><\/p>\n<p>[\/vc_column_text]<\/div><\/div><\/div><\/div>[\/vc_column_inner][\/vc_row_inner][\/vc_column][\/vc_row][vc_row css=&#8221;.vc_custom_1569494906560{margin-top: 80px !important;margin-right: 0px !important;margin-bottom: 0px !important;margin-left: 0px !important;padding-top: 0px !important;padding-right: 0px !important;padding-bottom: 0px !important;padding-left: 0px !important;}&#8221; el_class=&#8221;big-index&#8221;][vc_column css=&#8221;.vc_custom_1569583791862{margin-top: 0px !important;margin-right: 0px !important;margin-bottom: 0px !important;margin-left: 0px !important;padding-top: 0px !important;padding-right: 0px !important;padding-bottom: 0px !important;padding-left: 0px !important;background-position: center !important;background-repeat: no-repeat !important;background-size: cover !important;}&#8221;]<div class=\"clearboth\"><\/div><div class=\"gem-divider \" style=\"margin-top: -360px;\"><\/div>[\/vc_column][\/vc_row][vc_row el_class=&#8221;small-index&#8221; css=&#8221;.vc_custom_1569495411890{margin-top: 0px !important;margin-bottom: 0px !important;padding-top: 0px !important;padding-bottom: 0px !important;}&#8221;][vc_column]<div id=\"fullwidth-block-69f22e86d1485\" class=\"fullwidth-block clearfix\"  style=\"\"><script type=\"text\/javascript\">if (typeof(gem_fix_fullwidth_position) == \"function\") { gem_fix_fullwidth_position(document.getElementById(\"fullwidth-block-69f22e86d1485\")); }<\/script><div class=\"fullwidth-block-background\" style=\"background-image: url(https:\/\/showy.com.br\/hospedagem\/wp-content\/uploads\/2019\/09\/1-3.png);background-repeat: no-repeat; background-size: cover;background-position: left top;\"><\/div><div class=\"fullwidth-block-inner\"><div class=\"container\">[vc_row_inner equal_height=&#8221;yes&#8221; content_placement=&#8221;top&#8221;][vc_column_inner]<div class=\"clearboth\"><\/div><div class=\"gem-divider \" style=\"margin-top: 160px;\"><\/div>[\/vc_column_inner][\/vc_row_inner]<div class=\"clearboth\"><\/div><div class=\"gem-divider \" style=\"margin-top: 30px;\"><\/div><\/div><\/div><\/div>[\/vc_column][\/vc_row][vc_row full_width=&#8221;stretch_row_content_no_spaces&#8221; equal_height=&#8221;yes&#8221; content_placement=&#8221;middle&#8221; css=&#8221;.vc_custom_1569586094220{margin-top: 0px !important;margin-bottom: 0px !important;padding-top: 80px !important;padding-bottom: 60px !important;background-position: 0 0 !important;background-repeat: no-repeat !important;}&#8221;][vc_column disable_custom_paddings_tablet=&#8221;true&#8221; disable_custom_paddings_mobile=&#8221;true&#8221; offset=&#8221;vc_col-lg-6 vc_col-md-6&#8243; css=&#8221;.vc_custom_1569585896583{padding-right: 21px !important;}&#8221;]<div class=\"gem-image gem-wrapbox gem-wrapbox-style-default gem-wrapbox-position-right lazy-loading\" style=\"\"><div class=\"gem-wrapbox-inner  lazy-loading-item\"  data-ll-effect=\"move-up\"><img decoding=\"async\" class=\"gem-wrapbox-element img-responsive\" src=\"https:\/\/showy.com.br\/hospedagem\/wp-content\/uploads\/2019\/09\/2-2.png\" alt=\"\"\/><\/div><\/div>[\/vc_column][vc_column offset=&#8221;vc_col-lg-6 vc_col-md-6&#8243; css=&#8221;.vc_custom_1569585900577{padding-left: 21px !important;}&#8221;][vc_row_inner el_class=&#8221;laptop-break&#8221;][vc_column_inner width=&#8221;2\/3&#8243;][vc_column_text css_animation=&#8221;bottom-to-top&#8221;]<\/p>\n<div class=\"title-h2\"><span style=\"vertical-align: inherit;\"><span style=\"vertical-align: inherit;\">Adorar\u00edamos ouvir de voc\u00ea<\/span><\/span><\/div>\n<p>[\/vc_column_text]<div class=\"clearboth\"><\/div><div class=\"gem-divider \" style=\"margin-top: 50px;\"><\/div>\n<div class=\"wpcf7 no-js\" id=\"wpcf7-f1024-o1\" lang=\"en-US\" dir=\"ltr\" data-wpcf7-id=\"1024\">\n<div class=\"screen-reader-response\"><p role=\"status\" aria-live=\"polite\" aria-atomic=\"true\"><\/p> <ul><\/ul><\/div>\n<form action=\"\/hospedagem\/wp-json\/wp\/v2\/pages\/565#wpcf7-f1024-o1\" method=\"post\" class=\"wpcf7-form init gem-contact-form-white\" aria-label=\"Contact form\" novalidate=\"novalidate\" data-status=\"init\">\n<fieldset class=\"hidden-fields-container\"><input type=\"hidden\" name=\"_wpcf7\" value=\"1024\" \/><input type=\"hidden\" name=\"_wpcf7_version\" value=\"6.1.3\" \/><input type=\"hidden\" name=\"_wpcf7_locale\" value=\"en_US\" \/><input type=\"hidden\" name=\"_wpcf7_unit_tag\" value=\"wpcf7-f1024-o1\" \/><input type=\"hidden\" name=\"_wpcf7_container_post\" value=\"0\" \/><input type=\"hidden\" name=\"_wpcf7_posted_data_hash\" value=\"\" \/><input type=\"hidden\" name=\"_wpcf7_recaptcha_response\" value=\"\" \/>\n<\/fieldset>\n<div class=\"contact-form row\">\n\t<div class=\"col-lg-12 col-md-12 col-xs-12\">\n\t\t<div style=\"margin-bottom: 30px;\" class=\"form-line\">\n\t\t\t<p><span class=\"wpcf7-form-control-wrap\" data-name=\"your-name\"><input size=\"40\" maxlength=\"400\" class=\"wpcf7-form-control wpcf7-text wpcf7-validates-as-required\" aria-required=\"true\" aria-invalid=\"false\" placeholder=\"Nome*\" value=\"\" type=\"text\" name=\"your-name\" \/><\/span>\n\t\t\t<\/p>\n\t\t<\/div>\n\t<\/div>\n\t<div class=\"col-lg-12 col-md-12 col-xs-12\">\n\t\t<div style=\"margin-bottom: 30px;\" class=\"form-line\">\n\t\t\t<p><span class=\"wpcf7-form-control-wrap\" data-name=\"your-email\"><input size=\"40\" maxlength=\"400\" class=\"wpcf7-form-control wpcf7-email wpcf7-validates-as-required wpcf7-text wpcf7-validates-as-email\" aria-required=\"true\" aria-invalid=\"false\" placeholder=\"E-mail*\" value=\"\" type=\"email\" name=\"your-email\" \/><\/span>\n\t\t\t<\/p>\n\t\t<\/div>\n\t<\/div>\n\t<div class=\"col-lg-12 col-md-12 col-xs-12\">\n\t\t<div style=\"margin-bottom: 30px;\" class=\"form-line\">\n\t\t\t<p><span class=\"wpcf7-form-control-wrap\" data-name=\"your-message\"><textarea cols=\"40\" rows=\"4\" maxlength=\"2000\" class=\"wpcf7-form-control wpcf7-textarea wpcf7-validates-as-required\" aria-required=\"true\" aria-invalid=\"false\" placeholder=\"Mensagem\" name=\"your-message\"><\/textarea><\/span>\n\t\t\t<\/p>\n\t\t<\/div>\n\t<\/div>\n\t<div class=\"col-lg-12 col-md-12 col-xs-12\">\n\t\t<div class=\"gem-button-container gem-button-position-left\"><input class=\"gem-button gem-button-size-medium gem-button-style-flat gem-button-text-weight-normal wpcf7-form-control wpcf7-submit gem-button-wpcf-custom\" style=\"border-radius: 36px;background-color: #ffad00;color: #ffffff;\" onmouseleave=\"this.style.backgroundColor='#ffad00';this.style.color='#ffffff';\" onmouseenter=\"this.style.backgroundColor='#151349';this.style.color='#ffffff';\" id=\"\" tabindex=\"\" type=\"submit\" value=\"ENVIAR MENSAGEM\" \/><\/div>\n\t<\/div>\n<\/div><div class=\"wpcf7-response-output\" aria-hidden=\"true\"><\/div>\n<\/form>\n<\/div>\n[\/vc_column_inner][vc_column_inner width=&#8221;1\/3&#8243;][\/vc_column_inner][\/vc_row_inner][\/vc_column][\/vc_row][vc_row full_width=&#8221;stretch_row&#8221; css=&#8221;.vc_custom_1569501196786{margin-top: 0px !important;margin-bottom: -180px !important;padding-top: 120px !important;padding-bottom: 200px !important;background-image: url(https:\/\/showy.com.br\/hospedagem\/wp-content\/uploads\/2019\/09\/9-2.jpg?id=292) !important;background-position: center !important;background-repeat: no-repeat !important;background-size: cover !important;}&#8221; el_class=&#8221;small-index&#8221;][vc_column css=&#8221;.vc_custom_1569499543716{margin-top: 0px !important;margin-bottom: 0px !important;padding-top: 0px !important;padding-bottom: 0px !important;}&#8221;][vc_column_text css_animation=&#8221;bottom-to-top&#8221;]<\/p>\n<div class=\"title-h2\" style=\"text-align: center;\">Siga no FACEBOOK<\/div>\n<p>[\/vc_column_text]<div class=\"clearboth\"><\/div><div class=\"gem-divider \" style=\"margin-top: 60px;\"><\/div><div class=\"socials socials-list socials-colored-hover socials-rounded socials-alignment-center\"><a class=\"socials-item\" target=\"_blank\" href=\"https:\/\/www.facebook.com\/showyhospedagem\" style=\"color: #aaaac9;\"><i class=\"socials-item-icon facebook\" style=\"font-size: 48px\"><\/i><\/a><\/div>[\/vc_column][vc_column offset=&#8221;vc_hidden-lg vc_hidden-md&#8221;]<div class=\"clearboth\"><\/div><div class=\"gem-divider \" style=\"margin-top: 50px;\"><\/div>[\/vc_column][\/vc_row]<\/p>\n","protected":false},"excerpt":{"rendered":"<p>[vc_row][vc_column css=&#8221;.vc_custom_1754309878671{background-color: #e8ecef !important;}&#8221;][vc_column_text css_animation=&#8221;none&#8221;] ENTRE EM CONTATO CONOSCO [\/vc_column_text][vc_column_text css_animation=&#8221;none&#8221;] Precisa de ajuda? Disponibilizamos alguns canais de atendimento para&#8230;<\/p>\n","protected":false},"author":1,"featured_media":0,"parent":0,"menu_order":0,"comment_status":"closed","ping_status":"closed","template":"","meta":{"footnotes":""},"class_list":["post-565","page","type-page","status-publish"],"_links":{"self":[{"href":"https:\/\/showy.com.br\/hospedagem\/wp-json\/wp\/v2\/pages\/565","targetHints":{"allow":["GET"]}}],"collection":[{"href":"https:\/\/showy.com.br\/hospedagem\/wp-json\/wp\/v2\/pages"}],"about":[{"href":"https:\/\/showy.com.br\/hospedagem\/wp-json\/wp\/v2\/types\/page"}],"author":[{"embeddable":true,"href":"https:\/\/showy.com.br\/hospedagem\/wp-json\/wp\/v2\/users\/1"}],"replies":[{"embeddable":true,"href":"https:\/\/showy.com.br\/hospedagem\/wp-json\/wp\/v2\/comments?post=565"}],"version-history":[{"count":29,"href":"https:\/\/showy.com.br\/hospedagem\/wp-json\/wp\/v2\/pages\/565\/revisions"}],"predecessor-version":[{"id":1102,"href":"https:\/\/showy.com.br\/hospedagem\/wp-json\/wp\/v2\/pages\/565\/revisions\/1102"}],"wp:attachment":[{"href":"https:\/\/showy.com.br\/hospedagem\/wp-json\/wp\/v2\/media?parent=565"}],"curies":[{"name":"wp","href":"https:\/\/api.w.org\/{rel}","templated":true}]}}